{"id":808,"date":"2025-12-12T08:13:18","date_gmt":"2025-12-12T08:13:18","guid":{"rendered":"https:\/\/www.zmgv.hr\/museum-night\/"},"modified":"2026-02-13T09:00:57","modified_gmt":"2026-02-13T09:00:57","slug":"museum-night","status":"publish","type":"page","link":"https:\/\/www.zmgv.hr\/en\/museum-night\/","title":{"rendered":"Museum Night"},"content":{"rendered":"\t\t<div data-elementor-type=\"wp-page\" data-elementor-id=\"808\" class=\"elementor elementor-808 elementor-259\" data-elementor-post-type=\"page\">\n\t\t\t\t<div class=\"elementor-element elementor-element-256a193a e-flex e-con-boxed e-con e-parent\" data-id=\"256a193a\" data-element_type=\"container\" data-e-type=\"container\" data-settings=\"{&quot;background_background&quot;:&quot;classic&quot;,&quot;background_motion_fx_motion_fx_scrolling&quot;:&quot;yes&quot;,&quot;background_motion_fx_scale_effect&quot;:&quot;yes&quot;,&quot;background_motion_fx_scale_speed&quot;:{&quot;unit&quot;:&quot;px&quot;,&quot;size&quot;:1.3,&quot;sizes&quot;:[]},&quot;background_motion_fx_scale_direction&quot;:&quot;out-in&quot;,&quot;background_motion_fx_scale_range&quot;:{&quot;unit&quot;:&quot;%&quot;,&quot;size&quot;:&quot;&quot;,&quot;sizes&quot;:{&quot;start&quot;:20,&quot;end&quot;:80}},&quot;background_motion_fx_devices&quot;:[&quot;desktop&quot;,&quot;tablet&quot;,&quot;mobile&quot;]}\">\n\t\t\t\t\t<div class=\"e-con-inner\">\n\t\t<div class=\"elementor-element elementor-element-47116d60 e-con-full e-flex e-con e-child\" data-id=\"47116d60\" data-element_type=\"container\" data-e-type=\"container\">\n\t\t\t\t<div class=\"elementor-element elementor-element-2a6b5746 animated-fast elementor-invisible elementor-widget elementor-widget-heading\" data-id=\"2a6b5746\" data-element_type=\"widget\" data-e-type=\"widget\" data-settings=\"{&quot;_animation&quot;:&quot;fadeInLeft&quot;,&quot;_animation_tablet&quot;:&quot;fadeIn&quot;}\" data-widget_type=\"heading.default\">\n\t\t\t\t<div class=\"elementor-widget-container\">\n\t\t\t\t\t<h1 class=\"elementor-heading-title elementor-size-default\">MUSEUM NIGHT<\/h1>\t\t\t\t<\/div>\n\t\t\t\t<\/div>\n\t\t\t\t<\/div>\n\t\t<div class=\"elementor-element elementor-element-4293c940 e-con-full e-flex e-con e-child\" data-id=\"4293c940\" data-element_type=\"container\" data-e-type=\"container\">\n\t\t\t\t<div class=\"elementor-element elementor-element-6a4e7bf4 animated-fast elementor-invisible elementor-widget elementor-widget-text-editor\" data-id=\"6a4e7bf4\" data-element_type=\"widget\" data-e-type=\"widget\" data-settings=\"{&quot;_animation&quot;:&quot;fadeInRight&quot;,&quot;_animation_tablet&quot;:&quot;fadeIn&quot;,&quot;_animation_delay&quot;:200}\" data-widget_type=\"text-editor.default\">\n\t\t\t\t<div class=\"elementor-widget-container\">\n\t\t\t\t\t\t\t\t\t<p>Museum Night 2025. Museums \u2013 Visible and Invisible <\/p>\t\t\t\t\t\t\t\t<\/div>\n\t\t\t\t<\/div>\n\t\t\t\t<\/div>\n\t\t\t\t\t<\/div>\n\t\t\t\t<\/div>\n\t\t<div class=\"elementor-element elementor-element-1d6d1115 e-flex e-con-boxed e-con e-parent\" data-id=\"1d6d1115\" data-element_type=\"container\" data-e-type=\"container\" data-settings=\"{&quot;background_background&quot;:&quot;classic&quot;}\">\n\t\t\t\t\t<div class=\"e-con-inner\">\n\t\t<div class=\"elementor-element elementor-element-11006f54 e-con-full e-grid e-con e-child\" data-id=\"11006f54\" data-element_type=\"container\" data-e-type=\"container\">\n\t\t\t\t<div class=\"elementor-element elementor-element-b350c71 elementor-widget__width-initial elementor-widget elementor-widget-image\" data-id=\"b350c71\" data-element_type=\"widget\" data-e-type=\"widget\" data-widget_type=\"image.default\">\n\t\t\t\t<div class=\"elementor-widget-container\">\n\t\t\t\t\t\t\t\t\t\t\t\t\t\t\t<img fetchpriority=\"high\" decoding=\"async\" width=\"800\" height=\"658\" src=\"https:\/\/www.zmgv.hr\/wp-content\/uploads\/2026\/02\/20260130_2024411-1024x842.jpg\" class=\"attachment-large size-large wp-image-814\" alt=\"\" srcset=\"https:\/\/www.zmgv.hr\/wp-content\/uploads\/2026\/02\/20260130_2024411-1024x842.jpg 1024w, https:\/\/www.zmgv.hr\/wp-content\/uploads\/2026\/02\/20260130_2024411-300x247.jpg 300w, https:\/\/www.zmgv.hr\/wp-content\/uploads\/2026\/02\/20260130_2024411-768x632.jpg 768w, https:\/\/www.zmgv.hr\/wp-content\/uploads\/2026\/02\/20260130_2024411-1536x1263.jpg 1536w, https:\/\/www.zmgv.hr\/wp-content\/uploads\/2026\/02\/20260130_2024411-2048x1684.jpg 2048w\" sizes=\"(max-width: 800px) 100vw, 800px\" \/>\t\t\t\t\t\t\t\t\t\t\t\t\t\t\t<\/div>\n\t\t\t\t<\/div>\n\t\t\t\t<div class=\"elementor-element elementor-element-287b23a elementor-widget elementor-widget-image\" data-id=\"287b23a\" data-element_type=\"widget\" data-e-type=\"widget\" data-widget_type=\"image.default\">\n\t\t\t\t<div class=\"elementor-widget-container\">\n\t\t\t\t\t\t\t\t\t\t\t\t\t\t\t<img decoding=\"async\" src=\"https:\/\/www.zmgv.hr\/wp-content\/uploads\/2026\/02\/20260130_184712-scaled.jpg\" title=\"20260130_184712\" alt=\"20260130_184712\" loading=\"lazy\" \/>\t\t\t\t\t\t\t\t\t\t\t\t\t\t\t<\/div>\n\t\t\t\t<\/div>\n\t\t\t\t<\/div>\n\t\t<div class=\"elementor-element elementor-element-1b5fe44a e-con-full e-flex e-con e-child\" data-id=\"1b5fe44a\" data-element_type=\"container\" data-e-type=\"container\">\n\t\t\t\t<div class=\"elementor-element elementor-element-485afdf6 animated-fast elementor-invisible elementor-widget elementor-widget-heading\" data-id=\"485afdf6\" data-element_type=\"widget\" data-e-type=\"widget\" data-settings=\"{&quot;_animation&quot;:&quot;fadeIn&quot;,&quot;_animation_delay&quot;:100}\" data-widget_type=\"heading.default\">\n\t\t\t\t<div class=\"elementor-widget-container\">\n\t\t\t\t\t<h6 class=\"elementor-heading-title elementor-size-default\">Museum Night<\/h6>\t\t\t\t<\/div>\n\t\t\t\t<\/div>\n\t\t\t\t<div class=\"elementor-element elementor-element-30d83831 animated-fast elementor-invisible elementor-widget elementor-widget-heading\" data-id=\"30d83831\" data-element_type=\"widget\" data-e-type=\"widget\" data-settings=\"{&quot;_animation&quot;:&quot;fadeIn&quot;,&quot;_animation_delay&quot;:200}\" data-widget_type=\"heading.default\">\n\t\t\t\t<div class=\"elementor-widget-container\">\n\t\t\t\t\t<h4 class=\"elementor-heading-title elementor-size-default\">Museum Night 2026<\/h4>\t\t\t\t<\/div>\n\t\t\t\t<\/div>\n\t\t\t\t<div class=\"elementor-element elementor-element-60d7fe77 animated-fast elementor-drop-cap-yes elementor-drop-cap-view-default elementor-invisible elementor-widget elementor-widget-text-editor\" data-id=\"60d7fe77\" data-element_type=\"widget\" data-e-type=\"widget\" data-settings=\"{&quot;_animation&quot;:&quot;fadeIn&quot;,&quot;_animation_delay&quot;:300,&quot;drop_cap&quot;:&quot;yes&quot;}\" data-widget_type=\"text-editor.default\">\n\t\t\t\t<div class=\"elementor-widget-container\">\n\t\t\t\t\t\t\t\t\t<p>On Friday, October 30, 2026, the Museum Night event was held, organized by the Municipal Heritage Museum of Vis. The evening began at 6:30 PM with an expert lecture by Sanja Buble, M.Sc., Dipl. Eng. Arch., titled <em>British Fortifications of Vis Harbor<\/em>. At 7:15 PM, the curators of Municipal Heritage Museum of the City of Vis, Mr. Vinko Udiljak and Mr. Goran Mladineo, presented the exhibition catalog <em>Battle for Vis<\/em>, created in collaboration with Mr. An\u0111elo Mikli\u0107. The 104-page catalog contains a wealth of texts, images, and interesting descriptions of artifacts, and was available at a promotional price to visitors, who showed significant interest in this period of Vis&#8217;s history.     <\/p><p>At 8:00 PM, in the crowded courtyard of Batarija Fortress, the exhibition <em>Battle for Vis \u2013 British-French Struggles for Supremacy 1805-1815<\/em> was officially opened. The exhibition was opened by the Mayor of the City of Vis, Mr. Hrvoje Mratini\u0107. A total of 150 visitors to the exhibition were able to enjoy a multitude of previously unpublished artifacts from Vis&#8217;s history, including weapons, everyday objects, maps and archival materials, memorabilia, and artistic depictions. The exhibition was realized in collaboration with Vis collector of Adriatic maritime and military history, Mr. An\u0111elo Mikli\u0107, the Croatian Maritime Museum in Split, the Croatian Conservation Institute \u2013 Department for Underwater Archaeology, and Ms. Tatjana Gertik and Mr. Andrew Scott, who donated two important items presented at the exhibition to the museum. The exhibition was co-financed by the City of Vis and the Tourist Board of the City of Vis.       <\/p>\t\t\t\t\t\t\t\t<\/div>\n\t\t\t\t<\/div>\n\t\t\t\t<\/div>\n\t\t\t\t\t<\/div>\n\t\t\t\t<\/div>\n\t\t<div class=\"elementor-element elementor-element-7fa0da50 e-flex e-con-boxed e-con e-parent\" data-id=\"7fa0da50\" data-element_type=\"container\" data-e-type=\"container\" data-settings=\"{&quot;background_background&quot;:&quot;classic&quot;}\">\n\t\t\t\t\t<div class=\"e-con-inner\">\n\t\t<div class=\"elementor-element elementor-element-48e839bd e-con-full e-flex e-con e-child\" data-id=\"48e839bd\" data-element_type=\"container\" data-e-type=\"container\">\n\t\t<div class=\"elementor-element elementor-element-35543ac1 e-con-full e-flex e-con e-child\" data-id=\"35543ac1\" data-element_type=\"container\" data-e-type=\"container\">\n\t\t<div class=\"elementor-element elementor-element-6f31b49a e-con-full e-flex e-con e-child\" data-id=\"6f31b49a\" data-element_type=\"container\" data-e-type=\"container\">\n\t\t\t\t<div class=\"elementor-element elementor-element-1ed416b9 animated-fast elementor-invisible elementor-widget elementor-widget-heading\" data-id=\"1ed416b9\" data-element_type=\"widget\" data-e-type=\"widget\" data-settings=\"{&quot;_animation&quot;:&quot;fadeIn&quot;,&quot;_animation_delay&quot;:100}\" data-widget_type=\"heading.default\">\n\t\t\t\t<div class=\"elementor-widget-container\">\n\t\t\t\t\t<h6 class=\"elementor-heading-title elementor-size-default\">Museum Night<\/h6>\t\t\t\t<\/div>\n\t\t\t\t<\/div>\n\t\t\t\t<div class=\"elementor-element elementor-element-4e05b40 animated-fast elementor-invisible elementor-widget elementor-widget-heading\" data-id=\"4e05b40\" data-element_type=\"widget\" data-e-type=\"widget\" data-settings=\"{&quot;_animation&quot;:&quot;fadeIn&quot;,&quot;_animation_delay&quot;:200}\" data-widget_type=\"heading.default\">\n\t\t\t\t<div class=\"elementor-widget-container\">\n\t\t\t\t\t<h4 class=\"elementor-heading-title elementor-size-default\">Program<\/h4>\t\t\t\t<\/div>\n\t\t\t\t<\/div>\n\t\t\t\t<div class=\"elementor-element elementor-element-69d2f034 animated-fast elementor-invisible elementor-widget elementor-widget-text-editor\" data-id=\"69d2f034\" data-element_type=\"widget\" data-e-type=\"widget\" data-settings=\"{&quot;_animation&quot;:&quot;fadeIn&quot;,&quot;_animation_delay&quot;:300}\" data-widget_type=\"text-editor.default\">\n\t\t\t\t<div class=\"elementor-widget-container\">\n\t\t\t\t\t\t\t\t\t<p><strong>Museum Night 2025. Museums \u2013 Visible and Invisible <\/strong><\/p><p>On Friday, January 31, 2025, Museum Night was held, organized by Municipal Heritage Museum of Vis. An open day titled <em>Unearth Your Heritage<\/em> was held at the Kanarija archaeological site, attended by kindergarten children from Komi\u017ea, elementary school students from Vis and Komi\u017ea, and high school students from Antun Matija\u0161evi\u0107 Karamaneo High School with their teachers. Using an archaeological trench as an example, about a hundred visitors learned about the excavation process of an archaeological site, valuable finds, and gained information about the newly excavated part of ancient Issa.    <\/p><p>At 6:00 PM, in the Croatian Home building, the director of Municipal Heritage Museum of Vis, Dr. Dinko Radi\u0107, held a lecture titled <em>Vis Before Issa \u2013 When You Could Walk to Split<\/em>, in which the audience could learn how people lived on the island 10,000 years ago, and even earlier when Vis was connected to the mainland; what they ate, where they lived, what tools they used, and how they survived, as well as numerous other aspects of daily life. At 7:00 PM, museum curators Goran Pavao Mladineo and Vinko Udiljak held a lecture <em>What Vis Attics, Cellars, Dining Rooms\u2026 and the Wellington Depot Hide<\/em>, in which they presented methods of acquiring museum materials and raised public awareness about the importance of preserving Vis&#8217;s heritage, inviting citizens to cooperate in order to valorize valuable, but often irretrievably lost, materials. After the presentation, at 8:00 PM, the documentary film <em>Vis \u2013 The Emergence of Aphrodite<\/em> (1989) was shown.   <\/p>\t\t\t\t\t\t\t\t<\/div>\n\t\t\t\t<\/div>\n\t\t\t\t<\/div>\n\t\t<div class=\"elementor-element elementor-element-bf17b47 e-grid e-con-boxed e-con e-child\" data-id=\"bf17b47\" data-element_type=\"container\" data-e-type=\"container\">\n\t\t\t\t\t<div class=\"e-con-inner\">\n\t\t\t\t<div class=\"elementor-element elementor-element-56dd87ca animated-fast elementor-widget__width-auto elementor-absolute elementor-invisible elementor-widget elementor-widget-image\" data-id=\"56dd87ca\" data-element_type=\"widget\" data-e-type=\"widget\" data-settings=\"{&quot;motion_fx_motion_fx_mouse&quot;:&quot;yes&quot;,&quot;motion_fx_tilt_effect&quot;:&quot;yes&quot;,&quot;motion_fx_tilt_direction&quot;:&quot;negative&quot;,&quot;motion_fx_tilt_speed&quot;:{&quot;unit&quot;:&quot;px&quot;,&quot;size&quot;:2,&quot;sizes&quot;:[]},&quot;_animation&quot;:&quot;fadeIn&quot;,&quot;_position&quot;:&quot;absolute&quot;}\" data-widget_type=\"image.default\">\n\t\t\t\t<div class=\"elementor-widget-container\">\n\t\t\t\t\t\t\t\t\t\t\t\t\t\t\t<img decoding=\"async\" src=\"https:\/\/www.zmgv.hr\/wp-content\/uploads\/elementor\/thumbs\/decor-1-rg1elfhletznmpyljnluuc2gk75vqeymq5l1pmpjpe.png\" title=\"decor-1.png\" alt=\"decor-1.png\" loading=\"lazy\" \/>\t\t\t\t\t\t\t\t\t\t\t\t\t\t\t<\/div>\n\t\t\t\t<\/div>\n\t\t\t\t<div class=\"elementor-element elementor-element-3219e861 animated-fast elementor-widget elementor-widget-spacer\" data-id=\"3219e861\" data-element_type=\"widget\" data-e-type=\"widget\" data-settings=\"{&quot;_animation&quot;:&quot;none&quot;}\" data-widget_type=\"spacer.default\">\n\t\t\t\t<div class=\"elementor-widget-container\">\n\t\t\t\t\t\t\t<div class=\"elementor-spacer\">\n\t\t\t<div class=\"elementor-spacer-inner\"><\/div>\n\t\t<\/div>\n\t\t\t\t\t\t<\/div>\n\t\t\t\t<\/div>\n\t\t\t\t<div class=\"elementor-element elementor-element-15e55ef elementor-widget elementor-widget-image\" data-id=\"15e55ef\" data-element_type=\"widget\" data-e-type=\"widget\" data-widget_type=\"image.default\">\n\t\t\t\t<div class=\"elementor-widget-container\">\n\t\t\t\t\t\t\t\t\t\t\t\t\t\t\t<img decoding=\"async\" width=\"724\" height=\"1024\" src=\"https:\/\/www.zmgv.hr\/wp-content\/uploads\/2026\/02\/475060503_122103778160735860_3851382544623738264_n-724x1024.jpg\" class=\"attachment-large size-large wp-image-815\" alt=\"\" srcset=\"https:\/\/www.zmgv.hr\/wp-content\/uploads\/2026\/02\/475060503_122103778160735860_3851382544623738264_n-724x1024.jpg 724w, https:\/\/www.zmgv.hr\/wp-content\/uploads\/2026\/02\/475060503_122103778160735860_3851382544623738264_n-212x300.jpg 212w, https:\/\/www.zmgv.hr\/wp-content\/uploads\/2026\/02\/475060503_122103778160735860_3851382544623738264_n-768x1087.jpg 768w, https:\/\/www.zmgv.hr\/wp-content\/uploads\/2026\/02\/475060503_122103778160735860_3851382544623738264_n-1085x1536.jpg 1085w, https:\/\/www.zmgv.hr\/wp-content\/uploads\/2026\/02\/475060503_122103778160735860_3851382544623738264_n.jpg 1447w\" sizes=\"(max-width: 724px) 100vw, 724px\" \/>\t\t\t\t\t\t\t\t\t\t\t\t\t\t\t<\/div>\n\t\t\t\t<\/div>\n\t\t\t\t\t<\/div>\n\t\t\t\t<\/div>\n\t\t\t\t<\/div>\n\t\t\t\t<\/div>\n\t\t\t\t\t<\/div>\n\t\t\t\t<\/div>\n\t\t<div class=\"elementor-element elementor-element-2ea6fa1 e-flex e-con-boxed e-con e-parent\" data-id=\"2ea6fa1\" data-element_type=\"container\" data-e-type=\"container\">\n\t\t\t\t\t<div class=\"e-con-inner\">\n\t\t\t\t\t<\/div>\n\t\t\t\t<\/div>\n\t\t\t\t<\/div>\n\t\t","protected":false},"excerpt":{"rendered":"<p>MUSEUM NIGHT Museum Night 2025. Museums \u2013 Visible and Invisible Museum Night Museum Night 2026 On Friday, October 30, 2026, the Museum Night event was held, organized by the Municipal Heritage Museum of Vis. The evening began at 6:30 PM with an expert lecture by Sanja Buble, M.Sc., Dipl. Eng. Arch., titled British Fortifications of [&hellip;]<\/p>\n","protected":false},"author":1,"featured_media":0,"parent":0,"menu_order":0,"comment_status":"closed","ping_status":"closed","template":"","meta":{"inline_featured_image":false,"footnotes":""},"class_list":["post-808","page","type-page","status-publish","hentry"],"_links":{"self":[{"href":"https:\/\/www.zmgv.hr\/en\/wp-json\/wp\/v2\/pages\/808","targetHints":{"allow":["GET"]}}],"collection":[{"href":"https:\/\/www.zmgv.hr\/en\/wp-json\/wp\/v2\/pages"}],"about":[{"href":"https:\/\/www.zmgv.hr\/en\/wp-json\/wp\/v2\/types\/page"}],"author":[{"embeddable":true,"href":"https:\/\/www.zmgv.hr\/en\/wp-json\/wp\/v2\/users\/1"}],"replies":[{"embeddable":true,"href":"https:\/\/www.zmgv.hr\/en\/wp-json\/wp\/v2\/comments?post=808"}],"version-history":[{"count":3,"href":"https:\/\/www.zmgv.hr\/en\/wp-json\/wp\/v2\/pages\/808\/revisions"}],"predecessor-version":[{"id":1101,"href":"https:\/\/www.zmgv.hr\/en\/wp-json\/wp\/v2\/pages\/808\/revisions\/1101"}],"wp:attachment":[{"href":"https:\/\/www.zmgv.hr\/en\/wp-json\/wp\/v2\/media?parent=808"}],"curies":[{"name":"wp","href":"https:\/\/api.w.org\/{rel}","templated":true}]}}